{"id":2937,"date":"2024-01-07T11:45:09","date_gmt":"2024-01-07T10:45:09","guid":{"rendered":"https:\/\/onlywayfootball.fr\/?page_id=2937"},"modified":"2026-02-15T01:12:49","modified_gmt":"2026-02-15T00:12:49","slug":"informacion-legal","status":"publish","type":"page","link":"https:\/\/onlywayfootball.fr\/es\/informacion-legal\/","title":{"rendered":"Aviso legal"},"content":{"rendered":"<div data-elementor-type=\"wp-page\" data-elementor-id=\"2937\" class=\"elementor elementor-2937\" data-elementor-post-type=\"page\">\n\t\t\t\t\t\t<section class=\"wd-negative-gap elementor-section elementor-top-section elementor-element elementor-element-5c2c148 wd-section-stretch elementor-section-height-min-height elementor-section-boxed elementor-section-height-default elementor-section-items-middle\" data-id=\"5c2c148\" data-element_type=\"section\" data-e-type=\"section\" data-settings=\"{&quot;background_background&quot;:&quot;classic&quot;}\">\n\t\t\t\t\t\t\t<div class=\"elementor-background-overlay\"><\/div>\n\t\t\t\t\t\t\t<div class=\"elementor-container elementor-column-gap-default\">\n\t\t\t\t\t<div class=\"elementor-column elementor-col-100 elementor-top-column elementor-element elementor-element-346c51b\" data-id=\"346c51b\" data-element_type=\"column\" data-e-type=\"column\">\n\t\t\t<div class=\"elementor-widget-wrap elementor-element-populated\">\n\t\t\t\t\t\t<section class=\"wd-negative-gap elementor-section elementor-inner-section elementor-element elementor-element-881e19c elementor-section-content-middle elementor-section-boxed elementor-section-height-default elementor-section-height-default\" data-id=\"881e19c\" data-element_type=\"section\" data-e-type=\"section\">\n\t\t\t\t\t\t<div class=\"elementor-container elementor-column-gap-default\">\n\t\t\t\t\t<div class=\"elementor-column elementor-col-50 elementor-inner-column elementor-element elementor-element-c7ae16f\" data-id=\"c7ae16f\" data-element_type=\"column\" data-e-type=\"column\">\n\t\t\t<div class=\"elementor-widget-wrap elementor-element-populated\">\n\t\t\t\t\t\t<div class=\"elementor-element elementor-element-b0fd35f wd-width-100 elementor-widget elementor-widget-wd_title\" data-id=\"b0fd35f\" data-element_type=\"widget\" data-e-type=\"widget\" data-widget_type=\"wd_title.default\">\n\t\t\t\t<div class=\"elementor-widget-container\">\n\t\t\t\t\t\t\t<div class=\"title-wrapper wd-set-mb reset-last-child wd-title-color-default wd-title-style-default wd-title-size-large text-left\">\n\n\t\t\t\t\t\t\t\t\t\t\t<div class=\"title-subtitle subtitle-color-default subtitle-style-background wd-fontsize-xs\">\n\t\t\t\t\tOnly Way Football - Agencia FFF &amp; FIFA\t\t\t\t<\/div>\n\t\t\t\n\t\t\t<div class=\"liner-continer\">\n\t\t\t\t<h1 class=\"woodmart-title-container title wd-fontsize-xxl\">Aviso legal<\/h1> \n\t\t\t\t\t\t\t<\/div>\n\n\t\t\t\t\t\t\t<div class=\"title-after_title reset-last-child wd-fontsize-s\">\n\t\t\t\t\t<p>\u00daltima actualizaci\u00f3n: 25 de noviembre de 2025<\/p>\t\t\t\t<\/div>\n\t\t\t\t\t<\/div>\n\t\t\t\t\t\t<\/div>\n\t\t\t\t<\/div>\n\t\t\t\t<div class=\"elementor-element elementor-element-0d7b353 elementor-widget elementor-widget-wd_button\" data-id=\"0d7b353\" data-element_type=\"widget\" data-e-type=\"widget\" data-widget_type=\"wd_button.default\">\n\t\t\t\t<div class=\"elementor-widget-container\">\n\t\t\t\t\t\t\t<div class=\"wd-button-wrapper text-left\" >\n\t\t\t<a class=\"btn btn-style-default btn-shape-semi-round btn-size-default btn-color-custom btn-icon-pos-left\"  href=\"https:\/\/onlywayfootball.fr\/es\/detecciones-de-futbol\/\">\n\t\t\t\t<span class=\"wd-btn-text\" data-elementor-setting-key=\"text\">\n\t\t\t\t\tVer nuestras pruebas de f\u00fatbol\t\t\t\t<\/span>\n\n\t\t\t\t\t\t\t\t\t<span class=\"wd-btn-icon\">\n\t\t\t\t\t\t<img decoding=\"async\" width=\"20\" height=\"20\" src=\"https:\/\/onlywayfootball.fr\/wp-content\/uploads\/2025\/02\/ballon-de-football-1-20x20.png\" class=\"attachment-20x size-20x\" alt=\"Icono de un bal\u00f3n de f\u00fatbol\" srcset=\"https:\/\/onlywayfootball.fr\/wp-content\/uploads\/2025\/02\/ballon-de-football-1-20x20.png 20w, https:\/\/onlywayfootball.fr\/wp-content\/uploads\/2025\/02\/ballon-de-football-1-300x300.png 300w, https:\/\/onlywayfootball.fr\/wp-content\/uploads\/2025\/02\/ballon-de-football-1-150x150.png 150w, https:\/\/onlywayfootball.fr\/wp-content\/uploads\/2025\/02\/ballon-de-football-1-12x12.png 12w, https:\/\/onlywayfootball.fr\/wp-content\/uploads\/2025\/02\/ballon-de-football-1-16x16.png 16w, https:\/\/onlywayfootball.fr\/wp-content\/uploads\/2025\/02\/ballon-de-football-1.png 512w\" sizes=\"(max-width: 20px) 100vw, 20px\" title=\"\">\t\t\t\t\t<\/span>\n\t\t\t\t\t\t\t<\/a>\n\t\t<\/div>\n\t\t\t\t\t\t<\/div>\n\t\t\t\t<\/div>\n\t\t\t\t\t<\/div>\n\t\t<\/div>\n\t\t\t\t<div class=\"elementor-column elementor-col-50 elementor-inner-column elementor-element elementor-element-dc09d3e\" data-id=\"dc09d3e\" data-element_type=\"column\" data-e-type=\"column\">\n\t\t\t<div class=\"elementor-widget-wrap\">\n\t\t\t\t\t\t\t<\/div>\n\t\t<\/div>\n\t\t\t\t\t<\/div>\n\t\t<\/section>\n\t\t\t\t\t<\/div>\n\t\t<\/div>\n\t\t\t\t\t<\/div>\n\t\t<\/section>\n\t\t<div class=\"wd-negative-gap elementor-element elementor-element-596c591 e-flex e-con-boxed e-con e-parent\" data-id=\"596c591\" data-element_type=\"container\" data-e-type=\"container\">\n\t\t\t\t\t<div class=\"e-con-inner\">\n\t\t<div class=\"elementor-element elementor-element-2e5cfa8 e-con-full e-flex e-con e-child\" data-id=\"2e5cfa8\" data-element_type=\"container\" data-e-type=\"container\">\n\t\t\t\t<div class=\"elementor-element elementor-element-c51eaf3 elementor-vertical-align-middle elementor-widget elementor-widget-image-box\" data-id=\"c51eaf3\" data-element_type=\"widget\" data-e-type=\"widget\" data-widget_type=\"image-box.default\">\n\t\t\t\t<div class=\"elementor-widget-container\">\n\t\t\t\t\t<div class=\"elementor-image-box-wrapper\"><div class=\"elementor-image-box-content\"><h5 class=\"elementor-image-box-title\">1. Propiedad del sitio web<\/h5><p class=\"elementor-image-box-description\">El sitio web accesible en onlywayfootball.fr es propiedad de ONLYWAY FOOTBALL, una agencia de detecci\u00f3n cuyo domicilio social se encuentra en Par\u00eds, Francia. <\/p><\/div><\/div>\t\t\t\t<\/div>\n\t\t\t\t<\/div>\n\t\t\t\t<div class=\"elementor-element elementor-element-05f5934 elementor-vertical-align-middle elementor-widget elementor-widget-image-box\" data-id=\"05f5934\" data-element_type=\"widget\" data-e-type=\"widget\" data-widget_type=\"image-box.default\">\n\t\t\t\t<div class=\"elementor-widget-container\">\n\t\t\t\t\t<div class=\"elementor-image-box-wrapper\"><div class=\"elementor-image-box-content\"><h5 class=\"elementor-image-box-title\">2. Alojamiento<\/h5><p class=\"elementor-image-box-description\">El Sitio est\u00e1 alojado por HOSTINGER INTERNATIONAL LTD, cuyo domicilio social se encuentra en 61 Lordou Vironos Street, 6023 Larnaca, Chipre.<\/p><\/div><\/div>\t\t\t\t<\/div>\n\t\t\t\t<\/div>\n\t\t\t\t<div class=\"elementor-element elementor-element-69b25d5 elementor-vertical-align-middle elementor-widget elementor-widget-image-box\" data-id=\"69b25d5\" data-element_type=\"widget\" data-e-type=\"widget\" data-widget_type=\"image-box.default\">\n\t\t\t\t<div class=\"elementor-widget-container\">\n\t\t\t\t\t<div class=\"elementor-image-box-wrapper\"><div class=\"elementor-image-box-content\"><h5 class=\"elementor-image-box-title\">3. Propiedad intelectual<\/h5><p class=\"elementor-image-box-description\">Todos los elementos del Sitio, ya sean visuales o sonoros, incluida la tecnolog\u00eda subyacente, est\u00e1n protegidos por derechos de autor, derechos de marca o derechos de patente. Son propiedad exclusiva de ONLY WAY FOOTBALL. Queda estrictamente prohibida cualquier reproducci\u00f3n, representaci\u00f3n, modificaci\u00f3n o utilizaci\u00f3n, total o parcial, de estos elementos, por cualquier motivo, sin la autorizaci\u00f3n expresa de ONLY WAY FOOTBALL.<\/p><\/div><\/div>\t\t\t\t<\/div>\n\t\t\t\t<\/div>\n\t\t\t\t<div class=\"elementor-element elementor-element-bc47a45 elementor-vertical-align-middle elementor-widget elementor-widget-image-box\" data-id=\"bc47a45\" data-element_type=\"widget\" data-e-type=\"widget\" data-widget_type=\"image-box.default\">\n\t\t\t\t<div class=\"elementor-widget-container\">\n\t\t\t\t\t<div class=\"elementor-image-box-wrapper\"><div class=\"elementor-image-box-content\"><h5 class=\"elementor-image-box-title\">4. hiperv\u00ednculos<\/h5><p class=\"elementor-image-box-description\">El Sitio puede contener enlaces hiperv\u00ednculos a otros sitios web.\nONLYWAY FOOTBALL no garantiza el contenido de estos sitios externos y declina toda responsabilidad por cualquier informaci\u00f3n, producto, servicio o material disponible en dichos sitios.<\/p><\/div><\/div>\t\t\t\t<\/div>\n\t\t\t\t<\/div>\n\t\t\t\t<div class=\"elementor-element elementor-element-619e7b2 elementor-vertical-align-middle elementor-widget elementor-widget-image-box\" data-id=\"619e7b2\" data-element_type=\"widget\" data-e-type=\"widget\" data-widget_type=\"image-box.default\">\n\t\t\t\t<div class=\"elementor-widget-container\">\n\t\t\t\t\t<div class=\"elementor-image-box-wrapper\"><div class=\"elementor-image-box-content\"><h5 class=\"elementor-image-box-title\">5. Recopilaci\u00f3n y Tratamiento de Datos Personales<\/h5><p class=\"elementor-image-box-description\">De acuerdo con nuestra Pol\u00edtica de Privacidad, ONLYWAY FOOTBALL recopila y procesa datos personales cumpliendo con las leyes vigentes. Para m\u00e1s informaci\u00f3n sobre la recopilaci\u00f3n y el tratamiento de datos personales, consulte nuestra Pol\u00edtica de Privacidad disponible en el Sitio.\n<\/p><\/div><\/div>\t\t\t\t<\/div>\n\t\t\t\t<\/div>\n\t\t\t\t<div class=\"elementor-element elementor-element-03b1d7d elementor-vertical-align-middle elementor-widget elementor-widget-image-box\" data-id=\"03b1d7d\" data-element_type=\"widget\" data-e-type=\"widget\" data-widget_type=\"image-box.default\">\n\t\t\t\t<div class=\"elementor-widget-container\">\n\t\t\t\t\t<div class=\"elementor-image-box-wrapper\"><div class=\"elementor-image-box-content\"><h5 class=\"elementor-image-box-title\">6. Limitaci\u00f3n de Responsabilidad<\/h5><p class=\"elementor-image-box-description\">ONLYWAY FOOTBALL no se hace responsable de los da\u00f1os directos o indirectos que puedan sufrir los equipos del usuario al acceder al Sitio, ya sea por el uso de equipos que no cumplan con las especificaciones indicadas en el punto 9, o por la aparici\u00f3n de un error o incompatibilidad.<\/p><\/div><\/div>\t\t\t\t<\/div>\n\t\t\t\t<\/div>\n\t\t\t\t<div class=\"elementor-element elementor-element-00479a1 elementor-vertical-align-middle elementor-widget elementor-widget-image-box\" data-id=\"00479a1\" data-element_type=\"widget\" data-e-type=\"widget\" data-widget_type=\"image-box.default\">\n\t\t\t\t<div class=\"elementor-widget-container\">\n\t\t\t\t\t<div class=\"elementor-image-box-wrapper\"><div class=\"elementor-image-box-content\"><h5 class=\"elementor-image-box-title\">7. Modificaciones de los T\u00e9rminos de Uso<\/h5><p class=\"elementor-image-box-description\">ONLYWAY FOOTBALL se reserva el derecho de modificar estos t\u00e9rminos de uso en cualquier momento, sin previo aviso. Se recomienda a los usuarios consultar regularmente la versi\u00f3n m\u00e1s reciente de los t\u00e9rminos de uso disponible en el Sitio.<\/p><\/div><\/div>\t\t\t\t<\/div>\n\t\t\t\t<\/div>\n\t\t\t\t<\/div>\n\t\t\t\t\t<\/div>\n\t\t\t\t<\/div>\n\t\t<div class=\"wd-negative-gap elementor-element elementor-element-59baee5 e-flex e-con-boxed e-con e-parent\" data-id=\"59baee5\" data-element_type=\"container\" data-e-type=\"container\">\n\t\t\t\t\t<div class=\"e-con-inner\">\n\t\t\t\t<div class=\"elementor-element elementor-element-e7f18fa elementor-widget elementor-widget-shortcode\" data-id=\"e7f18fa\" data-element_type=\"widget\" data-e-type=\"widget\" data-widget_type=\"shortcode.default\">\n\t\t\t\t<div class=\"elementor-widget-container\">\n\t\t\t\t\t\t\t<div class=\"elementor-shortcode\">\t\t\t<link rel=\"stylesheet\" id=\"elementor-post-5661-css\" href=\"https:\/\/onlywayfootball.fr\/wp-content\/uploads\/elementor\/css\/post-5661.css?ver=1778067432\" type=\"text\/css\" media=\"all\">\n\t\t\t\t\t<div data-elementor-type=\"wp-post\" data-elementor-id=\"5661\" class=\"elementor elementor-5661\" data-elementor-post-type=\"cms_block\">\n\t\t\t\t\t\t<section class=\"wd-negative-gap elementor-section elementor-top-section elementor-element elementor-element-f9afb6e elementor-section-boxed elementor-section-height-default elementor-section-height-default\" data-id=\"f9afb6e\" data-element_type=\"section\" data-e-type=\"section\" data-settings=\"{&quot;background_background&quot;:&quot;classic&quot;}\">\n\t\t\t\t\t\t\t<div class=\"elementor-background-overlay\"><\/div>\n\t\t\t\t\t\t\t<div class=\"elementor-container elementor-column-gap-default\">\n\t\t\t\t\t<div class=\"elementor-column elementor-col-50 elementor-top-column elementor-element elementor-element-e3cb6c2 color-scheme-light\" data-id=\"e3cb6c2\" data-element_type=\"column\" data-e-type=\"column\">\n\t\t\t<div class=\"elementor-widget-wrap elementor-element-populated\">\n\t\t\t\t\t\t<div class=\"elementor-element elementor-element-866e333 elementor-widget elementor-widget-wd_image_or_svg\" data-id=\"866e333\" data-element_type=\"widget\" data-e-type=\"widget\" data-widget_type=\"wd_image_or_svg.default\">\n\t\t\t\t<div class=\"elementor-widget-container\">\n\t\t\t\t\t\n\t\t<div class=\"wd-image text-left\">\n\t\t\t\t\t\t\t\t<img decoding=\"async\" width=\"220\" height=\"82\" src=\"https:\/\/onlywayfootball.fr\/wp-content\/uploads\/2023\/12\/Design-Only-Way-4-1-220x82.png\" class=\"attachment-220x size-220x\" alt=\"\" srcset=\"https:\/\/onlywayfootball.fr\/wp-content\/uploads\/2023\/12\/Design-Only-Way-4-1-220x82.png 220w, https:\/\/onlywayfootball.fr\/wp-content\/uploads\/2023\/12\/Design-Only-Way-4-1-150x56.png 150w, https:\/\/onlywayfootball.fr\/wp-content\/uploads\/2023\/12\/Design-Only-Way-4-1-600x224.png 600w, https:\/\/onlywayfootball.fr\/wp-content\/uploads\/2023\/12\/Design-Only-Way-4-1-300x112.png 300w, https:\/\/onlywayfootball.fr\/wp-content\/uploads\/2023\/12\/Design-Only-Way-4-1-1024x382.png 1024w, https:\/\/onlywayfootball.fr\/wp-content\/uploads\/2023\/12\/Design-Only-Way-4-1-768x286.png 768w, https:\/\/onlywayfootball.fr\/wp-content\/uploads\/2023\/12\/Design-Only-Way-4-1-1536x572.png 1536w, https:\/\/onlywayfootball.fr\/wp-content\/uploads\/2023\/12\/Design-Only-Way-4-1-2048x763.png 2048w\" sizes=\"(max-width: 220px) 100vw, 220px\" title=\"\">\t\t\t\t\t<\/div>\n\n\t\t\t\t\t\t<\/div>\n\t\t\t\t<\/div>\n\t\t\t\t<div class=\"elementor-element elementor-element-a1bbb73 wd-width-100 elementor-widget elementor-widget-wd_title\" data-id=\"a1bbb73\" data-element_type=\"widget\" data-e-type=\"widget\" data-widget_type=\"wd_title.default\">\n\t\t\t\t<div class=\"elementor-widget-container\">\n\t\t\t\t\t\t\t<div class=\"title-wrapper wd-set-mb reset-last-child wd-title-color-default wd-title-style-default wd-title-size-default text-left\">\n\n\t\t\t\n\t\t\t<div class=\"liner-continer\">\n\t\t\t\t<p class=\"woodmart-title-container title wd-fontsize-l\">Only Way Football: tu socio para el \u00e9xito profesional<\/p> \n\t\t\t\t\t\t\t<\/div>\n\n\t\t\t\t\t\t\t<div class=\"title-after_title reset-last-child wd-fontsize-xs\">\n\t\t\t\t\t<p>Only Way Football ofrece gesti\u00f3n integral y apoyo en la carrera del futbolista, desde el scouting hasta la \u00e9lite.<\/p><p>Cont\u00e1ctanos ahora y planifiquemos juntos la pr\u00f3xima etapa de tu carrera.<\/p>\t\t\t\t<\/div>\n\t\t\t\t\t<\/div>\n\t\t\t\t\t\t<\/div>\n\t\t\t\t<\/div>\n\t\t\t\t\t<\/div>\n\t\t<\/div>\n\t\t\t\t<div class=\"elementor-column elementor-col-50 elementor-top-column elementor-element elementor-element-0583c84 color-scheme-light\" data-id=\"0583c84\" data-element_type=\"column\" data-e-type=\"column\">\n\t\t\t<div class=\"elementor-widget-wrap elementor-element-populated\">\n\t\t\t\t\t\t<div class=\"elementor-element elementor-element-c10b905 elementor-widget elementor-widget-wd_button\" data-id=\"c10b905\" data-element_type=\"widget\" data-e-type=\"widget\" data-widget_type=\"wd_button.default\">\n\t\t\t\t<div class=\"elementor-widget-container\">\n\t\t\t\t\t\t\t<div class=\"wd-button-wrapper text-center\" >\n\t\t\t<a class=\"btn btn-style-default btn-shape-semi-round btn-size-default btn-color-custom btn-icon-pos-left\" href=\"https:\/\/wa.me\/+33766033721?text=Bonjour%20!%20%20Je%20viens%20de%20lire%20l%E2%80%99un%20de%20vos%20articles%20et%20j%E2%80%99ai%20beaucoup%20appr%C3%A9ci%C3%A9.%20J%E2%80%99aimerais%20%C3%A9changer%20avec%20vous%20concernant%20les%20d%C3%A9tections.%20%20J&#039;aimerais%20m&#039;y%20inscrire%20...\" target=\"_blank\" rel=\"noopener\">\n\t\t\t\t<span class=\"wd-btn-text\" data-elementor-setting-key=\"text\">\n\t\t\t\t\tEscriba a la agencia\t\t\t\t<\/span>\n\n\t\t\t\t\t\t\t\t\t<span class=\"wd-btn-icon\">\n\t\t\t\t\t\t<svg class=\"wd-icon e-font-icon-svg e-fab-whatsapp\" viewbox=\"0 0 448 512\" xmlns=\"http:\/\/www.w3.org\/2000\/svg\"><path d=\"M380.9 97.1C339 55.1 283.2 32 223.9 32c-122.4 0-222 99.6-222 222 0 39.1 10.2 77.3 29.6 111L0 480l117.7-30.9c32.4 17.7 68.9 27 106.1 27h.1c122.3 0 224.1-99.6 224.1-222 0-59.3-25.2-115-67.1-157zm-157 341.6c-33.2 0-65.7-8.9-94-25.7l-6.7-4-69.8 18.3L72 359.2l-4.4-7c-18.5-29.4-28.2-63.3-28.2-98.2 0-101.7 82.8-184.5 184.6-184.5 49.3 0 95.6 19.2 130.4 54.1 34.8 34.9 56.2 81.2 56.1 130.5 0 101.8-84.9 184.6-186.6 184.6zm101.2-138.2c-5.5-2.8-32.8-16.2-37.9-18-5.1-1.9-8.8-2.8-12.5 2.8-3.7 5.6-14.3 18-17.6 21.8-3.2 3.7-6.5 4.2-12 1.4-32.6-16.3-54-29.1-75.5-66-5.7-9.8 5.7-9.1 16.3-30.3 1.8-3.7.9-6.9-.5-9.7-1.4-2.8-12.5-30.1-17.1-41.2-4.5-10.8-9.1-9.3-12.5-9.5-3.2-.2-6.9-.2-10.6-.2-3.7 0-9.7 1.4-14.8 6.9-5.1 5.6-19.4 19-19.4 46.3 0 27.3 19.9 53.7 22.6 57.4 2.8 3.7 39.1 59.7 94.8 83.8 35.2 15.2 49 16.5 66.6 13.9 10.7-1.6 32.8-13.4 37.4-26.4 4.6-13 4.6-24.1 3.2-26.4-1.3-2.5-5-3.9-10.5-6.6z\"><\/path><\/svg>\t\t\t\t\t<\/span>\n\t\t\t\t\t\t\t<\/a>\n\t\t<\/div>\n\t\t\t\t\t\t<\/div>\n\t\t\t\t<\/div>\n\t\t\t\t\t<\/div>\n\t\t<\/div>\n\t\t\t\t\t<\/div>\n\t\t<\/section>\n\t\t\t\t<\/div>\n\t\t<\/div>\n\t\t\t\t\t\t<\/div>\n\t\t\t\t<\/div>\n\t\t\t\t\t<\/div>\n\t\t\t\t<\/div>\n\t\t\t\t<\/div>","protected":false},"excerpt":{"rendered":"<p>Only Way Football - Agencia FFF &amp; FIFA Informaci\u00f3n legal \u00daltima actualizaci\u00f3n: 25 de noviembre de 2025 Vea nuestros productos<\/p>","protected":false},"author":1,"featured_media":3722,"parent":0,"menu_order":0,"comment_status":"closed","ping_status":"closed","template":"","meta":{"footnotes":""},"class_list":["post-2937","page","type-page","status-publish","has-post-thumbnail","hentry"],"_links":{"self":[{"href":"https:\/\/onlywayfootball.fr\/es\/wp-json\/wp\/v2\/pages\/2937","targetHints":{"allow":["GET"]}}],"collection":[{"href":"https:\/\/onlywayfootball.fr\/es\/wp-json\/wp\/v2\/pages"}],"about":[{"href":"https:\/\/onlywayfootball.fr\/es\/wp-json\/wp\/v2\/types\/page"}],"author":[{"embeddable":true,"href":"https:\/\/onlywayfootball.fr\/es\/wp-json\/wp\/v2\/users\/1"}],"replies":[{"embeddable":true,"href":"https:\/\/onlywayfootball.fr\/es\/wp-json\/wp\/v2\/comments?post=2937"}],"version-history":[{"count":13,"href":"https:\/\/onlywayfootball.fr\/es\/wp-json\/wp\/v2\/pages\/2937\/revisions"}],"predecessor-version":[{"id":8258,"href":"https:\/\/onlywayfootball.fr\/es\/wp-json\/wp\/v2\/pages\/2937\/revisions\/8258"}],"wp:featuredmedia":[{"embeddable":true,"href":"https:\/\/onlywayfootball.fr\/es\/wp-json\/wp\/v2\/media\/3722"}],"wp:attachment":[{"href":"https:\/\/onlywayfootball.fr\/es\/wp-json\/wp\/v2\/media?parent=2937"}],"curies":[{"name":"wp","href":"https:\/\/api.w.org\/{rel}","templated":true}]}}